{"id":214,"date":"2012-07-19T20:39:40","date_gmt":"2012-07-19T20:39:40","guid":{"rendered":"http:\/\/www.rosenauer-quellfisch.at\/?page_id=214"},"modified":"2021-04-13T14:28:29","modified_gmt":"2021-04-13T14:28:29","slug":"wir-haben-gutes-vom-bauernhof","status":"publish","type":"page","link":"https:\/\/www.rosenauer-quellfisch.at\/?page_id=214","title":{"rendered":"Gut, besser, Reiter!"},"content":{"rendered":"<p><img decoding=\"async\" loading=\"lazy\" class=\"alignright wp-image-216 \" src=\"https:\/\/www.rosenauer-quellfisch.at\/wp-content\/uploads\/gutesvombauernhof01-300x218.jpg\" alt=\"Gutes vom Bauernhof\" width=\"241\" height=\"178\" \/>Dass in den Flie\u00dfkan\u00e4len vom \u00ad\u201eRosenauer Quellfisch\u201c nur Fische von bester Qualit\u00e4t\u00a0schwimmen, das wissen auch die Angestellten der Landwirtschaftskammer \u00adOber\u00f6sterreich und verliehen uns \u2013 den Reiters \u2013 f\u00fcr \u00adunsere Els\u00e4sser Saiblinge und unsere Lachsforellen das G\u00fctesiegel \u201eGutes vom Bauernhof\u201c. Die Fische, sowie der Betrieb, unterstehen \u00adseitdem laufenden strengen\u00a0Qualit\u00e4tskontrollen. Kein Problem f\u00fcr\u00a0uns:<a href=\"https:\/\/www.rosenauer-quellfisch.at\/wp-content\/uploads\/gutes-vom-Bauernhof.png\"><img decoding=\"async\" loading=\"lazy\" class=\"alignright\" src=\"https:\/\/www.rosenauer-quellfisch.at\/wp-content\/uploads\/gutes-vom-Bauernhof.png\" alt=\"\" width=\"243\" height=\"225\" \/><\/a><\/p>\n<p>Manfred ist nicht nur gut \u00fcber seine Fische und deren Zucht informiert, sondern h\u00e4lt sich auch strengstens an s\u00e4mtliche Hygiene- und Qualit\u00e4tsverordnungen. Das garantiert beste Lebensqualit\u00e4t der Fische und eine \u00adfachgerechte Verarbeitung. Und genau das macht den \u00adhervorragenden \u00adGeschmack der Fische aus.<\/p>\n<p>Mehr Informationen \u00fcber die Marke \u201eGutes vom Bauernhof\u201c finden Sie unter: <a title=\"Gutes vom Bauernhof\" href=\"http:\/\/www.gutesvombauernhof.at\" target=\"_blank\" rel=\"noopener noreferrer\">www.gutesvombauernhof.at<\/a><\/p>\n<p>Lesen Sie auch den Bericht in &#8222;Der Bauer &#8211; Die Zeitung f\u00fcr die Landwirtschaft&#8220; &#8211; <a href=\"https:\/\/www.rosenauer-quellfisch.at\/wp-content\/uploads\/GUTES-VOM-BAUERN-20120717143725353.png\" target=\"_blank\" rel=\"noopener noreferrer\">hier<\/a>.<\/p>\n","protected":false},"excerpt":{"rendered":"<p>Dass in den Flie\u00dfkan\u00e4len vom \u00ad\u201eRosenauer Quellfisch\u201c nur Fische von bester Qualit\u00e4t\u00a0schwimmen, das wissen auch die Angestellten der Landwirtschaftskammer \u00adOber\u00f6sterreich und verliehen uns \u2013 den Reiters \u2013 f\u00fcr \u00adunsere Els\u00e4sser Saiblinge und unsere Lachsforellen das G\u00fctesiegel \u201eGutes vom Bauernhof\u201c. Die &hellip; <a href=\"https:\/\/www.rosenauer-quellfisch.at\/?page_id=214\">Weiterlesen <span class=\"meta-nav\">&rarr;<\/span><\/a><\/p>\n","protected":false},"author":1,"featured_media":0,"parent":135,"menu_order":0,"comment_status":"closed","ping_status":"open","template":"sidebar-page.php","meta":[],"_links":{"self":[{"href":"https:\/\/www.rosenauer-quellfisch.at\/index.php?rest_route=\/wp\/v2\/pages\/214"}],"collection":[{"href":"https:\/\/www.rosenauer-quellfisch.at\/index.php?rest_route=\/wp\/v2\/pages"}],"about":[{"href":"https:\/\/www.rosenauer-quellfisch.at\/index.php?rest_route=\/wp\/v2\/types\/page"}],"author":[{"embeddable":true,"href":"https:\/\/www.rosenauer-quellfisch.at\/index.php?rest_route=\/wp\/v2\/users\/1"}],"replies":[{"embeddable":true,"href":"https:\/\/www.rosenauer-quellfisch.at\/index.php?rest_route=%2Fwp%2Fv2%2Fcomments&post=214"}],"version-history":[{"count":13,"href":"https:\/\/www.rosenauer-quellfisch.at\/index.php?rest_route=\/wp\/v2\/pages\/214\/revisions"}],"predecessor-version":[{"id":608,"href":"https:\/\/www.rosenauer-quellfisch.at\/index.php?rest_route=\/wp\/v2\/pages\/214\/revisions\/608"}],"up":[{"embeddable":true,"href":"https:\/\/www.rosenauer-quellfisch.at\/index.php?rest_route=\/wp\/v2\/pages\/135"}],"wp:attachment":[{"href":"https:\/\/www.rosenauer-quellfisch.at\/index.php?rest_route=%2Fwp%2Fv2%2Fmedia&parent=214"}],"curies":[{"name":"wp","href":"https:\/\/api.w.org\/{rel}","templated":true}]}}