{"id":32,"date":"2012-03-05T22:13:37","date_gmt":"2012-03-05T22:13:37","guid":{"rendered":"http:\/\/www.rosenauer-quellfisch.at\/?page_id=32"},"modified":"2014-09-04T08:51:53","modified_gmt":"2014-09-04T08:51:53","slug":"der-rosenauer-quellfisch","status":"publish","type":"page","link":"https:\/\/www.rosenauer-quellfisch.at\/?page_id=32","title":{"rendered":"Unserer Fische"},"content":{"rendered":"<p>Unser Firmenname ist Programm! Wir z\u00fcchten den Rosenauer Quellfisch <strong>ganzj\u00e4hrig<\/strong> in dem frischen Wasser der Quellen, die auf unserem Grundst\u00fcck in Rosenau entspringen. Aufgrund des Durchlaufs der Quellen erneuert sich das Wasser in der Stunde drei- bis viermal.<a href=\"https:\/\/www.rosenauer-quellfisch.at\/wp-content\/uploads\/Bild-2.png\"><img decoding=\"async\" loading=\"lazy\" class=\"alignright  wp-image-236\" title=\"Bild 2\" src=\"https:\/\/www.rosenauer-quellfisch.at\/wp-content\/uploads\/Bild-2-212x300.png\" alt=\"\" width=\"178\" height=\"247\" \/><\/a><\/p>\n<p>Die Fische schwimmen also immer in frischem Quellwasser. Der Sauerstoffgehalt im Wasser betr\u00e4gt beim Einlauf in die Becken 100 % und das Wasser flie\u00dft mit immer noch 96 % Sauerstoffgehalt wieder aus den Flie\u00dfkan\u00e4len heraus. Eine ideale Voraussetzung f\u00fcr beste Lebensqualit\u00e4t der Fische.<\/p>\n<p>Wir z\u00fcchten mit Setzlingen aus einem zertifizierten Betrieb in Braunau. Gef\u00fcttert wird ausschlie\u00dflich mit gentechnikfreiem Qualit\u00e4tsfutter.<\/p>\n<p>In unseren vier Becken schwimmen <a title=\"Der Els\u00e4sser Saibling\" href=\"https:\/\/www.rosenauer-quellfisch.at\/?page_id=142\">Els\u00e4sser Saiblinge<\/a> und <a title=\"Die Lachsforelle\" href=\"https:\/\/www.rosenauer-quellfisch.at\/?page_id=144\">Lachsforellen<\/a>.<\/p>\n","protected":false},"excerpt":{"rendered":"<p>Unser Firmenname ist Programm! Wir z\u00fcchten den Rosenauer Quellfisch ganzj\u00e4hrig in dem frischen Wasser der Quellen, die auf unserem Grundst\u00fcck in Rosenau entspringen. Aufgrund des Durchlaufs der Quellen erneuert sich das Wasser in der Stunde drei- bis viermal. Die Fische &hellip; <a href=\"https:\/\/www.rosenauer-quellfisch.at\/?page_id=32\">Weiterlesen <span class=\"meta-nav\">&rarr;<\/span><\/a><\/p>\n","protected":false},"author":1,"featured_media":0,"parent":0,"menu_order":0,"comment_status":"closed","ping_status":"closed","template":"sidebar-page.php","meta":[],"_links":{"self":[{"href":"https:\/\/www.rosenauer-quellfisch.at\/index.php?rest_route=\/wp\/v2\/pages\/32"}],"collection":[{"href":"https:\/\/www.rosenauer-quellfisch.at\/index.php?rest_route=\/wp\/v2\/pages"}],"about":[{"href":"https:\/\/www.rosenauer-quellfisch.at\/index.php?rest_route=\/wp\/v2\/types\/page"}],"author":[{"embeddable":true,"href":"https:\/\/www.rosenauer-quellfisch.at\/index.php?rest_route=\/wp\/v2\/users\/1"}],"replies":[{"embeddable":true,"href":"https:\/\/www.rosenauer-quellfisch.at\/index.php?rest_route=%2Fwp%2Fv2%2Fcomments&post=32"}],"version-history":[{"count":16,"href":"https:\/\/www.rosenauer-quellfisch.at\/index.php?rest_route=\/wp\/v2\/pages\/32\/revisions"}],"predecessor-version":[{"id":422,"href":"https:\/\/www.rosenauer-quellfisch.at\/index.php?rest_route=\/wp\/v2\/pages\/32\/revisions\/422"}],"wp:attachment":[{"href":"https:\/\/www.rosenauer-quellfisch.at\/index.php?rest_route=%2Fwp%2Fv2%2Fmedia&parent=32"}],"curies":[{"name":"wp","href":"https:\/\/api.w.org\/{rel}","templated":true}]}}