{"id":459,"date":"2014-09-04T13:22:47","date_gmt":"2014-09-04T13:22:47","guid":{"rendered":"http:\/\/www.rosenauer-quellfisch.at\/?page_id=459"},"modified":"2019-09-12T15:09:38","modified_gmt":"2019-09-12T15:09:38","slug":"saiblingsfilets-auf-rote-rueben-nudeln","status":"publish","type":"page","link":"https:\/\/www.rosenauer-quellfisch.at\/?page_id=459","title":{"rendered":"Saiblingsfilets auf Rote-R\u00fcben-Nudeln"},"content":{"rendered":"<p><strong>Zutaten: (2 Portionen)<\/strong><\/p>\n<blockquote>\n<ul>\n<li>2 Filets vom Els\u00e4sser Saibling<\/li>\n<li>Salz und Pfeffer aus der M\u00fchle<\/li>\n<li>\u00d6l zum Braten<\/li>\n<li>2 Portionen Spaghetti oder Bandnudeln<\/li>\n<li>2 Rote Bete\/Rote R\u00fcben<\/li>\n<li>2 ML Kren, gerissen<\/li>\n<li>2 ML Butter<\/li>\n<li>etwas K\u00fcmmel<\/li>\n<li>Salz und Pfeffer aus der M\u00fchle<\/li>\n<\/ul>\n<\/blockquote>\n<p style=\"text-align: justify;\"><strong>Zubereitung:<\/strong><br \/>\nDie Saiblingsfilets zuputzen, entgr\u00e4ten und mit Salz und Pfeffer w\u00fcrzen. Die Rote Bete\/Rote R\u00fcben weich kochen, sch\u00e4len und mit einer feinen Reibe reiben. Die Spagehtti oder Bandnudeln in leicht gesalzenem, kochendem Wasser bissfest kochen.<\/p>\n<p style=\"text-align: justify;\">Die Saiblingsfilets in einer Pfanne in etwas \u00d6l beidseitig braten. Die Nudeln abseihen. In einer Pfanne die Butter erhitzen, die geriebene Rote Bete\/Rote R\u00fcben kurz durchschwenken und mit Kren, Salz, Pfeffer und K\u00fcmmel w\u00fcrzen.<\/p>\n<p style=\"text-align: justify;\">Die Nudeln zugeben und gut durchmischen, danach die Saiblingsfilets mit den Rote-R\u00fcben-Nudeln und etwas Rote-R\u00fcben-Gem\u00fcse auf vorgew\u00e4rmten Tellern anrichten.<\/p>\n<p style=\"text-align: justify;\">Guten Appetit!!<\/p>\n","protected":false},"excerpt":{"rendered":"<p>Zutaten: (2 Portionen) 2 Filets vom Els\u00e4sser Saibling Salz und Pfeffer aus der M\u00fchle \u00d6l zum Braten 2 Portionen Spaghetti oder Bandnudeln 2 Rote Bete\/Rote R\u00fcben 2 ML Kren, gerissen 2 ML Butter etwas K\u00fcmmel Salz und Pfeffer aus der &hellip; <a href=\"https:\/\/www.rosenauer-quellfisch.at\/?page_id=459\">Weiterlesen <span class=\"meta-nav\">&rarr;<\/span><\/a><\/p>\n","protected":false},"author":1,"featured_media":0,"parent":36,"menu_order":0,"comment_status":"closed","ping_status":"open","template":"sidebar-page.php","meta":[],"_links":{"self":[{"href":"https:\/\/www.rosenauer-quellfisch.at\/index.php?rest_route=\/wp\/v2\/pages\/459"}],"collection":[{"href":"https:\/\/www.rosenauer-quellfisch.at\/index.php?rest_route=\/wp\/v2\/pages"}],"about":[{"href":"https:\/\/www.rosenauer-quellfisch.at\/index.php?rest_route=\/wp\/v2\/types\/page"}],"author":[{"embeddable":true,"href":"https:\/\/www.rosenauer-quellfisch.at\/index.php?rest_route=\/wp\/v2\/users\/1"}],"replies":[{"embeddable":true,"href":"https:\/\/www.rosenauer-quellfisch.at\/index.php?rest_route=%2Fwp%2Fv2%2Fcomments&post=459"}],"version-history":[{"count":3,"href":"https:\/\/www.rosenauer-quellfisch.at\/index.php?rest_route=\/wp\/v2\/pages\/459\/revisions"}],"predecessor-version":[{"id":582,"href":"https:\/\/www.rosenauer-quellfisch.at\/index.php?rest_route=\/wp\/v2\/pages\/459\/revisions\/582"}],"up":[{"embeddable":true,"href":"https:\/\/www.rosenauer-quellfisch.at\/index.php?rest_route=\/wp\/v2\/pages\/36"}],"wp:attachment":[{"href":"https:\/\/www.rosenauer-quellfisch.at\/index.php?rest_route=%2Fwp%2Fv2%2Fmedia&parent=459"}],"curies":[{"name":"wp","href":"https:\/\/api.w.org\/{rel}","templated":true}]}}